{"id":3758,"date":"2022-09-17T19:50:04","date_gmt":"2022-09-17T17:50:04","guid":{"rendered":"https:\/\/webshop.nanooksiiskola.hu\/?post_type=product&#038;p=3758"},"modified":"2025-08-22T18:30:15","modified_gmt":"2025-08-22T16:30:15","slug":"kituzo-nanook-macis","status":"publish","type":"product","link":"https:\/\/webshop.nanooksiiskola.hu\/en\/product\/kituzo-nanook-macis\/","title":{"rendered":"Nanook Macis Kit\u0171z\u0151"},"content":{"rendered":"<p>F\u00e9m kit\u0171z\u0151.<\/p>","protected":false},"excerpt":{"rendered":"<p>F\u00e9m kit\u0171z\u0151.<\/p>","protected":false},"featured_media":3759,"template":"","meta":[],"product_cat":[61],"product_tag":[],"_links":{"self":[{"href":"https:\/\/webshop.nanooksiiskola.hu\/en\/wp-json\/wp\/v2\/product\/3758"}],"collection":[{"href":"https:\/\/webshop.nanooksiiskola.hu\/en\/wp-json\/wp\/v2\/product"}],"about":[{"href":"https:\/\/webshop.nanooksiiskola.hu\/en\/wp-json\/wp\/v2\/types\/product"}],"wp:featuredmedia":[{"embeddable":true,"href":"https:\/\/webshop.nanooksiiskola.hu\/en\/wp-json\/wp\/v2\/media\/3759"}],"wp:attachment":[{"href":"https:\/\/webshop.nanooksiiskola.hu\/en\/wp-json\/wp\/v2\/media?parent=3758"}],"wp:term":[{"taxonomy":"product_cat","embeddable":true,"href":"https:\/\/webshop.nanooksiiskola.hu\/en\/wp-json\/wp\/v2\/product_cat?post=3758"},{"taxonomy":"product_tag","embeddable":true,"href":"https:\/\/webshop.nanooksiiskola.hu\/en\/wp-json\/wp\/v2\/product_tag?post=3758"}],"curies":[{"name":"wp","href":"https:\/\/api.w.org\/{rel}","templated":true}]}}