{"id":3783,"date":"2022-09-17T20:12:11","date_gmt":"2022-09-17T18:12:11","guid":{"rendered":"https:\/\/webshop.nanooksiiskola.hu\/?post_type=product&#038;p=3783"},"modified":"2025-08-22T18:31:05","modified_gmt":"2025-08-22T16:31:05","slug":"pohar","status":"publish","type":"product","link":"https:\/\/webshop.nanooksiiskola.hu\/en\/product\/pohar\/","title":{"rendered":"Poh\u00e1r"},"content":{"rendered":"","protected":false},"excerpt":{"rendered":"<p>Poh\u00e1r<\/p>\n<p>\u00dajrahasznos\u00edtott anyagb\u00f3l<\/p>\n<p>250 ml<\/p>\n<p>Szine: fekete<\/p>","protected":false},"featured_media":3766,"template":"","meta":[],"product_cat":[61],"product_tag":[],"_links":{"self":[{"href":"https:\/\/webshop.nanooksiiskola.hu\/en\/wp-json\/wp\/v2\/product\/3783"}],"collection":[{"href":"https:\/\/webshop.nanooksiiskola.hu\/en\/wp-json\/wp\/v2\/product"}],"about":[{"href":"https:\/\/webshop.nanooksiiskola.hu\/en\/wp-json\/wp\/v2\/types\/product"}],"wp:featuredmedia":[{"embeddable":true,"href":"https:\/\/webshop.nanooksiiskola.hu\/en\/wp-json\/wp\/v2\/media\/3766"}],"wp:attachment":[{"href":"https:\/\/webshop.nanooksiiskola.hu\/en\/wp-json\/wp\/v2\/media?parent=3783"}],"wp:term":[{"taxonomy":"product_cat","embeddable":true,"href":"https:\/\/webshop.nanooksiiskola.hu\/en\/wp-json\/wp\/v2\/product_cat?post=3783"},{"taxonomy":"product_tag","embeddable":true,"href":"https:\/\/webshop.nanooksiiskola.hu\/en\/wp-json\/wp\/v2\/product_tag?post=3783"}],"curies":[{"name":"wp","href":"https:\/\/api.w.org\/{rel}","templated":true}]}}