{"id":3785,"date":"2022-09-17T21:15:59","date_gmt":"2022-09-17T19:15:59","guid":{"rendered":"https:\/\/webshop.nanooksiiskola.hu\/?post_type=product&#038;p=3785"},"modified":"2025-08-22T18:31:40","modified_gmt":"2025-08-22T16:31:40","slug":"tornazsak-sisuli-logos","status":"publish","type":"product","link":"https:\/\/webshop.nanooksiiskola.hu\/en\/product\/tornazsak-sisuli-logos\/","title":{"rendered":"Tornazs\u00e1k"},"content":{"rendered":"","protected":false},"excerpt":{"rendered":"<p>Tornazs\u00e1k s\u00ediskol\u00e1s log\u00f3val.<\/p>\n<p>100 % polyester<\/p>\n<p>M\u00e9ret: 35 cm x 50 cm<\/p>\n<p>Mos\u00e1s: 30 fok<\/p>","protected":false},"featured_media":3772,"template":"","meta":[],"product_cat":[63],"product_tag":[],"_links":{"self":[{"href":"https:\/\/webshop.nanooksiiskola.hu\/en\/wp-json\/wp\/v2\/product\/3785"}],"collection":[{"href":"https:\/\/webshop.nanooksiiskola.hu\/en\/wp-json\/wp\/v2\/product"}],"about":[{"href":"https:\/\/webshop.nanooksiiskola.hu\/en\/wp-json\/wp\/v2\/types\/product"}],"wp:featuredmedia":[{"embeddable":true,"href":"https:\/\/webshop.nanooksiiskola.hu\/en\/wp-json\/wp\/v2\/media\/3772"}],"wp:attachment":[{"href":"https:\/\/webshop.nanooksiiskola.hu\/en\/wp-json\/wp\/v2\/media?parent=3785"}],"wp:term":[{"taxonomy":"product_cat","embeddable":true,"href":"https:\/\/webshop.nanooksiiskola.hu\/en\/wp-json\/wp\/v2\/product_cat?post=3785"},{"taxonomy":"product_tag","embeddable":true,"href":"https:\/\/webshop.nanooksiiskola.hu\/en\/wp-json\/wp\/v2\/product_tag?post=3785"}],"curies":[{"name":"wp","href":"https:\/\/api.w.org\/{rel}","templated":true}]}}