{"id":3786,"date":"2022-09-17T21:22:04","date_gmt":"2022-09-17T19:22:04","guid":{"rendered":"https:\/\/webshop.nanooksiiskola.hu\/?post_type=product&#038;p=3786"},"modified":"2025-08-22T18:31:50","modified_gmt":"2025-08-22T16:31:50","slug":"tornazsak","status":"publish","type":"product","link":"https:\/\/webshop.nanooksiiskola.hu\/en\/product\/tornazsak\/","title":{"rendered":"Tornazs\u00e1k"},"content":{"rendered":"","protected":false},"excerpt":{"rendered":"<p>Tornazs\u00e1k S\u00edversenyz\u0151 l\u00e1ny<\/p>\n<p>100% polyester<\/p>\n<p>M\u00e9ret: 35 cm x 50 cm<\/p>\n<p>Mos\u00e1s: 30 fokon<\/p>","protected":false},"featured_media":3768,"template":"","meta":[],"product_cat":[63],"product_tag":[],"_links":{"self":[{"href":"https:\/\/webshop.nanooksiiskola.hu\/en\/wp-json\/wp\/v2\/product\/3786"}],"collection":[{"href":"https:\/\/webshop.nanooksiiskola.hu\/en\/wp-json\/wp\/v2\/product"}],"about":[{"href":"https:\/\/webshop.nanooksiiskola.hu\/en\/wp-json\/wp\/v2\/types\/product"}],"wp:featuredmedia":[{"embeddable":true,"href":"https:\/\/webshop.nanooksiiskola.hu\/en\/wp-json\/wp\/v2\/media\/3768"}],"wp:attachment":[{"href":"https:\/\/webshop.nanooksiiskola.hu\/en\/wp-json\/wp\/v2\/media?parent=3786"}],"wp:term":[{"taxonomy":"product_cat","embeddable":true,"href":"https:\/\/webshop.nanooksiiskola.hu\/en\/wp-json\/wp\/v2\/product_cat?post=3786"},{"taxonomy":"product_tag","embeddable":true,"href":"https:\/\/webshop.nanooksiiskola.hu\/en\/wp-json\/wp\/v2\/product_tag?post=3786"}],"curies":[{"name":"wp","href":"https:\/\/api.w.org\/{rel}","templated":true}]}}