{"id":3787,"date":"2022-09-17T21:25:23","date_gmt":"2022-09-17T19:25:23","guid":{"rendered":"https:\/\/webshop.nanooksiiskola.hu\/?post_type=product&#038;p=3787"},"modified":"2025-08-22T18:28:51","modified_gmt":"2025-08-22T16:28:51","slug":"tornazsak-2","status":"publish","type":"product","link":"https:\/\/webshop.nanooksiiskola.hu\/en\/product\/tornazsak-2\/","title":{"rendered":"Tornazs\u00e1k"},"content":{"rendered":"","protected":false},"excerpt":{"rendered":"<p>Tornazs\u00e1k &#8211; S\u00edversenyz\u0151 fi\u00fa<\/p>\n<p>100 % polyester<\/p>\n<p>M\u00e9ret: 35 cm x 50 cm<\/p>\n<p>Mos\u00e1s: 30 fok<\/p>","protected":false},"featured_media":3769,"template":"","meta":[],"product_cat":[63],"product_tag":[],"_links":{"self":[{"href":"https:\/\/webshop.nanooksiiskola.hu\/en\/wp-json\/wp\/v2\/product\/3787"}],"collection":[{"href":"https:\/\/webshop.nanooksiiskola.hu\/en\/wp-json\/wp\/v2\/product"}],"about":[{"href":"https:\/\/webshop.nanooksiiskola.hu\/en\/wp-json\/wp\/v2\/types\/product"}],"wp:featuredmedia":[{"embeddable":true,"href":"https:\/\/webshop.nanooksiiskola.hu\/en\/wp-json\/wp\/v2\/media\/3769"}],"wp:attachment":[{"href":"https:\/\/webshop.nanooksiiskola.hu\/en\/wp-json\/wp\/v2\/media?parent=3787"}],"wp:term":[{"taxonomy":"product_cat","embeddable":true,"href":"https:\/\/webshop.nanooksiiskola.hu\/en\/wp-json\/wp\/v2\/product_cat?post=3787"},{"taxonomy":"product_tag","embeddable":true,"href":"https:\/\/webshop.nanooksiiskola.hu\/en\/wp-json\/wp\/v2\/product_tag?post=3787"}],"curies":[{"name":"wp","href":"https:\/\/api.w.org\/{rel}","templated":true}]}}