{"id":3788,"date":"2022-09-17T21:30:20","date_gmt":"2022-09-17T19:30:20","guid":{"rendered":"https:\/\/webshop.nanooksiiskola.hu\/?post_type=product&#038;p=3788"},"modified":"2025-08-22T18:28:37","modified_gmt":"2025-08-22T16:28:37","slug":"tornazsak-3","status":"publish","type":"product","link":"https:\/\/webshop.nanooksiiskola.hu\/en\/product\/tornazsak-3\/","title":{"rendered":"Tornazs\u00e1k"},"content":{"rendered":"","protected":false},"excerpt":{"rendered":"<p>Tornazs\u00e1k Pink list\u00e1val<\/p>\n<p>100% polyester<\/p>\n<p>Mos\u00e1s: 30 fokon<\/p>","protected":false},"featured_media":3770,"template":"","meta":[],"product_cat":[63],"product_tag":[],"_links":{"self":[{"href":"https:\/\/webshop.nanooksiiskola.hu\/en\/wp-json\/wp\/v2\/product\/3788"}],"collection":[{"href":"https:\/\/webshop.nanooksiiskola.hu\/en\/wp-json\/wp\/v2\/product"}],"about":[{"href":"https:\/\/webshop.nanooksiiskola.hu\/en\/wp-json\/wp\/v2\/types\/product"}],"wp:featuredmedia":[{"embeddable":true,"href":"https:\/\/webshop.nanooksiiskola.hu\/en\/wp-json\/wp\/v2\/media\/3770"}],"wp:attachment":[{"href":"https:\/\/webshop.nanooksiiskola.hu\/en\/wp-json\/wp\/v2\/media?parent=3788"}],"wp:term":[{"taxonomy":"product_cat","embeddable":true,"href":"https:\/\/webshop.nanooksiiskola.hu\/en\/wp-json\/wp\/v2\/product_cat?post=3788"},{"taxonomy":"product_tag","embeddable":true,"href":"https:\/\/webshop.nanooksiiskola.hu\/en\/wp-json\/wp\/v2\/product_tag?post=3788"}],"curies":[{"name":"wp","href":"https:\/\/api.w.org\/{rel}","templated":true}]}}