{"id":3789,"date":"2022-09-17T21:36:44","date_gmt":"2022-09-17T19:36:44","guid":{"rendered":"https:\/\/webshop.nanooksiiskola.hu\/?post_type=product&#038;p=3789"},"modified":"2025-09-08T02:14:17","modified_gmt":"2025-09-08T00:14:17","slug":"rovid-ujju-polo","status":"publish","type":"product","link":"https:\/\/webshop.nanooksiiskola.hu\/en\/product\/rovid-ujju-polo\/","title":{"rendered":"R\u00f6vid ujj\u00fa p\u00f3l\u00f3"},"content":{"rendered":"","protected":false},"excerpt":{"rendered":"<p>R\u00f6vid ujj\u00fa p\u00f3l\u00f3<\/p>\n<p>100% pamut<\/p>\n<p>M\u00e9ret: 3-4 yrs, 5-6 yrs, 7-8 yrs, 9-11 yrs, 12-13 yrs<\/p>\n<p>Mos\u00e1s: Max 30 fokon, nem aja\u0301nlott sza\u0301ri\u0301to\u0301ge\u0301pbe tenni, fehe\u0301ri\u0301teni, vegytisztatani.<\/p>","protected":false},"featured_media":3780,"template":"","meta":[],"product_cat":[64],"product_tag":[],"_links":{"self":[{"href":"https:\/\/webshop.nanooksiiskola.hu\/en\/wp-json\/wp\/v2\/product\/3789"}],"collection":[{"href":"https:\/\/webshop.nanooksiiskola.hu\/en\/wp-json\/wp\/v2\/product"}],"about":[{"href":"https:\/\/webshop.nanooksiiskola.hu\/en\/wp-json\/wp\/v2\/types\/product"}],"wp:featuredmedia":[{"embeddable":true,"href":"https:\/\/webshop.nanooksiiskola.hu\/en\/wp-json\/wp\/v2\/media\/3780"}],"wp:attachment":[{"href":"https:\/\/webshop.nanooksiiskola.hu\/en\/wp-json\/wp\/v2\/media?parent=3789"}],"wp:term":[{"taxonomy":"product_cat","embeddable":true,"href":"https:\/\/webshop.nanooksiiskola.hu\/en\/wp-json\/wp\/v2\/product_cat?post=3789"},{"taxonomy":"product_tag","embeddable":true,"href":"https:\/\/webshop.nanooksiiskola.hu\/en\/wp-json\/wp\/v2\/product_tag?post=3789"}],"curies":[{"name":"wp","href":"https:\/\/api.w.org\/{rel}","templated":true}]}}