{"id":3793,"date":"2022-09-17T21:52:11","date_gmt":"2022-09-17T19:52:11","guid":{"rendered":"https:\/\/webshop.nanooksiiskola.hu\/?post_type=product&#038;p=3793"},"modified":"2025-09-08T02:14:17","modified_gmt":"2025-09-08T00:14:17","slug":"polo-2","status":"publish","type":"product","link":"https:\/\/webshop.nanooksiiskola.hu\/en\/product\/polo-2\/","title":{"rendered":"Hossz\u00fa ujj\u00fa P\u00f3l\u00f3"},"content":{"rendered":"<p>Hossz\u00fa ujjas l\u00e1ny p\u00f3l\u00f3.<\/p>\n<p>T\u00f6bbf\u00e9le m\u00e9retben.<\/p>\n<p>Log\u00f3zott el\u0151l, oldalt.<\/p>","protected":false},"excerpt":{"rendered":"<p>Hossz\u00fa ujj\u00fa feh\u00e9r pol\u00f3<\/p>\n<p>100% pamut<\/p>\n<p>M\u00e9ret: 5-6yrs, 7-8yrs, 9-11yrs<\/p>\n<p>Sz\u00edn: feh\u00e9r<\/p>\n<p>Mos\u00e1s: Max 30 fokon nem aja\u0301nlott sza\u0301ri\u0301to\u0301 ge\u0301pbe tenni, fehe\u0301ri\u0301teni, vegytiszti\u0301tani.<\/p>","protected":false},"featured_media":3781,"template":"","meta":[],"product_cat":[64],"product_tag":[],"_links":{"self":[{"href":"https:\/\/webshop.nanooksiiskola.hu\/en\/wp-json\/wp\/v2\/product\/3793"}],"collection":[{"href":"https:\/\/webshop.nanooksiiskola.hu\/en\/wp-json\/wp\/v2\/product"}],"about":[{"href":"https:\/\/webshop.nanooksiiskola.hu\/en\/wp-json\/wp\/v2\/types\/product"}],"wp:featuredmedia":[{"embeddable":true,"href":"https:\/\/webshop.nanooksiiskola.hu\/en\/wp-json\/wp\/v2\/media\/3781"}],"wp:attachment":[{"href":"https:\/\/webshop.nanooksiiskola.hu\/en\/wp-json\/wp\/v2\/media?parent=3793"}],"wp:term":[{"taxonomy":"product_cat","embeddable":true,"href":"https:\/\/webshop.nanooksiiskola.hu\/en\/wp-json\/wp\/v2\/product_cat?post=3793"},{"taxonomy":"product_tag","embeddable":true,"href":"https:\/\/webshop.nanooksiiskola.hu\/en\/wp-json\/wp\/v2\/product_tag?post=3793"}],"curies":[{"name":"wp","href":"https:\/\/api.w.org\/{rel}","templated":true}]}}