{"id":3804,"date":"2022-09-17T23:07:24","date_gmt":"2022-09-17T21:07:24","guid":{"rendered":"https:\/\/webshop.nanooksiiskola.hu\/?post_type=product&#038;p=3804"},"modified":"2023-08-24T16:52:03","modified_gmt":"2023-08-24T14:52:03","slug":"tanulo-sielo-baba","status":"publish","type":"product","link":"https:\/\/webshop.nanooksiiskola.hu\/en\/product\/tanulo-sielo-baba\/","title":{"rendered":"Tanul\u00f3 s\u00edel\u0151 baba"},"content":{"rendered":"<p>Tanul\u00f3 s\u00edel\u0151 baba k\u00e9k ruh\u00e1ban<\/p>\n<ul>\n<li>Sport- \u00e9s kalandj\u00e1t\u00e9k szett szuper er\u0151s, kiv\u00e1l\u00f3 min\u0151s\u00e9g\u0171 BPA mentes m\u0171anyagb\u00f3l, autentikus, rendk\u00edv\u00fcl r\u00e9szletes kivitel\u0171 sportfelszerel\u00e9ssel, sok kieg\u00e9sz\u00edt\u0151vel.<\/li>\n<li>A k\u00e9szlet tartalma:\u00a01\u00a0baba, egy p\u00e1r s\u00edl\u00e9c, egy p\u00e1r s\u00edbakancs, egy p\u00e1r s\u00edbot, s\u00ed szem\u00fcveg,\u00a0 r\u00f3zsasz\u00edn s\u00edover\u00e1l.<\/li>\n<li>12 cm magas<\/li>\n<li>M\u00e9retar\u00e1ny 1:6<\/li>\n<li>Remek szett gyermeked k\u00e9szs\u00e9geinek fejleszt\u00e9s\u00e9re \u00e9s \u00f3r\u00e1kig tart\u00f3 elfoglalts\u00e1g\u00e1ra.<\/li>\n<li>Gy\u0171jtsd \u00f6ssze mindet!\u00a0A sorozatban el\u00e9rhet\u0151 j\u00e9gt\u00e1ncos, s\u00edel\u0151, s\u00edversenyz\u0151, snowboardos \u00e9s sz\u00e1nk\u00f3z\u00f3 baba is!<\/li>\n<\/ul>\n<p>\u26a0\ufe0fFIGYELEM: fullad\u00e1s vesz\u00e9ly! 3 \u00e9vesn\u00e9l kisebb gyermekeknek nem aj\u00e1nlott. Apr\u00f3 alkatr\u00e9szeket tartalmazhat, melyek lenyel\u00e9se fullad\u00e1st okozhat!<\/p>\n<p>&nbsp;<\/p>","protected":false},"excerpt":{"rendered":"<p>Tanul\u00f3 s\u00edel\u0151 baba k\u00e9k ruh\u00e1ban Sport- \u00e9s kalandj\u00e1t\u00e9k szett szuper er\u0151s, kiv\u00e1l\u00f3 min\u0151s\u00e9g\u0171 BPA mentes m\u0171anyagb\u00f3l, autentikus, rendk\u00edv\u00fcl r\u00e9szletes kivitel\u0171 sportfelszerel\u00e9ssel, sok kieg\u00e9sz\u00edt\u0151vel. A k\u00e9szlet tartalma:\u00a01\u00a0baba, egy p\u00e1r s\u00edl\u00e9c, egy p\u00e1r s\u00edbakancs, egy p\u00e1r s\u00edbot, s\u00ed szem\u00fcveg,\u00a0 r\u00f3zsasz\u00edn s\u00edover\u00e1l. 12 cm magas M\u00e9retar\u00e1ny 1:6 Remek szett gyermeked k\u00e9szs\u00e9geinek fejleszt\u00e9s\u00e9re \u00e9s \u00f3r\u00e1kig tart\u00f3 elfoglalts\u00e1g\u00e1ra. Gy\u0171jtsd \u00f6ssze&#8230;<\/p>","protected":false},"featured_media":3799,"template":"","meta":[],"product_cat":[60],"product_tag":[],"_links":{"self":[{"href":"https:\/\/webshop.nanooksiiskola.hu\/en\/wp-json\/wp\/v2\/product\/3804"}],"collection":[{"href":"https:\/\/webshop.nanooksiiskola.hu\/en\/wp-json\/wp\/v2\/product"}],"about":[{"href":"https:\/\/webshop.nanooksiiskola.hu\/en\/wp-json\/wp\/v2\/types\/product"}],"wp:featuredmedia":[{"embeddable":true,"href":"https:\/\/webshop.nanooksiiskola.hu\/en\/wp-json\/wp\/v2\/media\/3799"}],"wp:attachment":[{"href":"https:\/\/webshop.nanooksiiskola.hu\/en\/wp-json\/wp\/v2\/media?parent=3804"}],"wp:term":[{"taxonomy":"product_cat","embeddable":true,"href":"https:\/\/webshop.nanooksiiskola.hu\/en\/wp-json\/wp\/v2\/product_cat?post=3804"},{"taxonomy":"product_tag","embeddable":true,"href":"https:\/\/webshop.nanooksiiskola.hu\/en\/wp-json\/wp\/v2\/product_tag?post=3804"}],"curies":[{"name":"wp","href":"https:\/\/api.w.org\/{rel}","templated":true}]}}