{"id":3805,"date":"2022-09-17T23:11:55","date_gmt":"2022-09-17T21:11:55","guid":{"rendered":"https:\/\/webshop.nanooksiiskola.hu\/?post_type=product&#038;p=3805"},"modified":"2023-08-24T16:50:05","modified_gmt":"2023-08-24T14:50:05","slug":"kulcstarto","status":"publish","type":"product","link":"https:\/\/webshop.nanooksiiskola.hu\/en\/product\/kulcstarto\/","title":{"rendered":"Kulcstart\u00f3"},"content":{"rendered":"<p>Kulcstart\u00f3 Gondola<\/p>\n<p>sz\u00edn: narancss\u00e1rga<\/p>\n<p>anyaga: f\u00e9m\/m\u0171anyag<\/p>\n<p>\u26a0\ufe0fFIGYELEM: fullad\u00e1s vesz\u00e9ly! 3 \u00e9vesn\u00e9l kisebb gyermekeknek nem aj\u00e1nlott. Apr\u00f3 alkatr\u00e9szeket tartalmazhat, melyek lenyel\u00e9se fullad\u00e1st okozhat!<\/p>","protected":false},"excerpt":{"rendered":"<p>Kulcstart\u00f3 Gondola sz\u00edn: narancss\u00e1rga anyaga: f\u00e9m\/m\u0171anyag \u26a0\ufe0fFIGYELEM: fullad\u00e1s vesz\u00e9ly! 3 \u00e9vesn\u00e9l kisebb gyermekeknek nem aj\u00e1nlott. Apr\u00f3 alkatr\u00e9szeket tartalmazhat, melyek lenyel\u00e9se fullad\u00e1st okozhat!<\/p>","protected":false},"featured_media":3798,"template":"","meta":[],"product_cat":[60,61],"product_tag":[],"_links":{"self":[{"href":"https:\/\/webshop.nanooksiiskola.hu\/en\/wp-json\/wp\/v2\/product\/3805"}],"collection":[{"href":"https:\/\/webshop.nanooksiiskola.hu\/en\/wp-json\/wp\/v2\/product"}],"about":[{"href":"https:\/\/webshop.nanooksiiskola.hu\/en\/wp-json\/wp\/v2\/types\/product"}],"wp:featuredmedia":[{"embeddable":true,"href":"https:\/\/webshop.nanooksiiskola.hu\/en\/wp-json\/wp\/v2\/media\/3798"}],"wp:attachment":[{"href":"https:\/\/webshop.nanooksiiskola.hu\/en\/wp-json\/wp\/v2\/media?parent=3805"}],"wp:term":[{"taxonomy":"product_cat","embeddable":true,"href":"https:\/\/webshop.nanooksiiskola.hu\/en\/wp-json\/wp\/v2\/product_cat?post=3805"},{"taxonomy":"product_tag","embeddable":true,"href":"https:\/\/webshop.nanooksiiskola.hu\/en\/wp-json\/wp\/v2\/product_tag?post=3805"}],"curies":[{"name":"wp","href":"https:\/\/api.w.org\/{rel}","templated":true}]}}