{"id":3806,"date":"2022-09-17T23:17:02","date_gmt":"2022-09-17T21:17:02","guid":{"rendered":"https:\/\/webshop.nanooksiiskola.hu\/?post_type=product&#038;p=3806"},"modified":"2023-08-24T17:51:25","modified_gmt":"2023-08-24T15:51:25","slug":"ratrak","status":"publish","type":"product","link":"https:\/\/webshop.nanooksiiskola.hu\/en\/product\/ratrak\/","title":{"rendered":"Ratrak"},"content":{"rendered":"<table class=\"product_parameters\">\n<tbody>\n<tr class=\"product-parameter-row product-short-description-row\">\n<td class=\"param-value product-short-description\" colspan=\"2\">Pisten Bully<\/p>\n<p>K\u00e4ssbohrer PistenBully 100 P\u00e1lyakarbantart\u00f3 g\u00e9p 1:43<\/p>\n<ul>\n<li>F\u00e9mb\u0151l k\u00e9sz\u00fclt<\/li>\n<li>100% sz\u00f3rakoz\u00e1s az eg\u00e9sz csal\u00e1d sz\u00e1m\u00e1ra<\/li>\n<li>14 \u00e9ves kor\u00a0felett aj\u00e1nlott<\/li>\n<li>M\u00e9retar\u00e1ny\u00a01:43<\/li>\n<li>20 cm hossz\u00fa, 9 cm sz\u00e9les, 6 cm magas<\/li>\n<li>S\u00faly\u00a0190 g<\/li>\n<\/ul>\n<p>Mozgathat\u00f3 r\u00e9szek:<\/p>\n<ul>\n<li>sim\u00edt\u00f3 lap<\/li>\n<li>kotr\u00f3 lap\u00e1t<\/li>\n<li>gumi herny\u00f3talp<\/li>\n<\/ul>\n<p><strong>Kiv\u00e1l\u00f3 min\u0151s\u00e9g, val\u00f3s\u00e1gh\u0171 r\u00e9szletek K\u00e4ssbohrer lincenc alapj\u00e1n.<\/strong><\/p>\n<p>\u26a0\ufe0fFIGYELEM: fullad\u00e1s vesz\u00e9ly! 3 \u00e9vesn\u00e9l kisebb gyermekeknek nem aj\u00e1nlott. Apr\u00f3 alkatr\u00e9szeket tartalmazhat, melyek lenyel\u00e9se fullad\u00e1st okozhat!<\/td>\n<\/tr>\n<\/tbody>\n<\/table>","protected":false},"excerpt":{"rendered":"<p>Pisten Bully K\u00e4ssbohrer PistenBully 100 P\u00e1lyakarbantart\u00f3 g\u00e9p 1:43 F\u00e9mb\u0151l k\u00e9sz\u00fclt 100% sz\u00f3rakoz\u00e1s az eg\u00e9sz csal\u00e1d sz\u00e1m\u00e1ra 14 \u00e9ves kor\u00a0felett aj\u00e1nlott M\u00e9retar\u00e1ny\u00a01:43 20 cm hossz\u00fa, 9 cm sz\u00e9les, 6 cm magas S\u00faly\u00a0190 g Mozgathat\u00f3 r\u00e9szek: sim\u00edt\u00f3 lap kotr\u00f3 lap\u00e1t gumi herny\u00f3talp Kiv\u00e1l\u00f3 min\u0151s\u00e9g, val\u00f3s\u00e1gh\u0171 r\u00e9szletek K\u00e4ssbohrer lincenc alapj\u00e1n. \u26a0\ufe0fFIGYELEM: fullad\u00e1s vesz\u00e9ly! 3 \u00e9vesn\u00e9l kisebb gyermekeknek nem&#8230;<\/p>","protected":false},"featured_media":3801,"template":"","meta":[],"product_cat":[60],"product_tag":[],"_links":{"self":[{"href":"https:\/\/webshop.nanooksiiskola.hu\/en\/wp-json\/wp\/v2\/product\/3806"}],"collection":[{"href":"https:\/\/webshop.nanooksiiskola.hu\/en\/wp-json\/wp\/v2\/product"}],"about":[{"href":"https:\/\/webshop.nanooksiiskola.hu\/en\/wp-json\/wp\/v2\/types\/product"}],"wp:featuredmedia":[{"embeddable":true,"href":"https:\/\/webshop.nanooksiiskola.hu\/en\/wp-json\/wp\/v2\/media\/3801"}],"wp:attachment":[{"href":"https:\/\/webshop.nanooksiiskola.hu\/en\/wp-json\/wp\/v2\/media?parent=3806"}],"wp:term":[{"taxonomy":"product_cat","embeddable":true,"href":"https:\/\/webshop.nanooksiiskola.hu\/en\/wp-json\/wp\/v2\/product_cat?post=3806"},{"taxonomy":"product_tag","embeddable":true,"href":"https:\/\/webshop.nanooksiiskola.hu\/en\/wp-json\/wp\/v2\/product_tag?post=3806"}],"curies":[{"name":"wp","href":"https:\/\/api.w.org\/{rel}","templated":true}]}}