{"id":3833,"date":"2022-10-18T12:47:45","date_gmt":"2022-10-18T10:47:45","guid":{"rendered":"https:\/\/webshop.nanooksiiskola.hu\/?post_type=product&#038;p=3833"},"modified":"2025-08-22T18:27:49","modified_gmt":"2025-08-22T16:27:49","slug":"csosal-ratrak","status":"publish","type":"product","link":"https:\/\/webshop.nanooksiiskola.hu\/en\/product\/csosal-ratrak\/","title":{"rendered":"Cs\u0151s\u00e1l Ratrak"},"content":{"rendered":"<p>Ratrak mint\u00e1s cs\u0151s\u00e1l<\/p>\n<p>&nbsp;<\/p>","protected":false},"excerpt":{"rendered":"<p>Ratrak mint\u00e1s cs\u0151s\u00e1l &nbsp;<\/p>","protected":false},"featured_media":3844,"template":"","meta":[],"product_cat":[64,45,46],"product_tag":[],"_links":{"self":[{"href":"https:\/\/webshop.nanooksiiskola.hu\/en\/wp-json\/wp\/v2\/product\/3833"}],"collection":[{"href":"https:\/\/webshop.nanooksiiskola.hu\/en\/wp-json\/wp\/v2\/product"}],"about":[{"href":"https:\/\/webshop.nanooksiiskola.hu\/en\/wp-json\/wp\/v2\/types\/product"}],"wp:featuredmedia":[{"embeddable":true,"href":"https:\/\/webshop.nanooksiiskola.hu\/en\/wp-json\/wp\/v2\/media\/3844"}],"wp:attachment":[{"href":"https:\/\/webshop.nanooksiiskola.hu\/en\/wp-json\/wp\/v2\/media?parent=3833"}],"wp:term":[{"taxonomy":"product_cat","embeddable":true,"href":"https:\/\/webshop.nanooksiiskola.hu\/en\/wp-json\/wp\/v2\/product_cat?post=3833"},{"taxonomy":"product_tag","embeddable":true,"href":"https:\/\/webshop.nanooksiiskola.hu\/en\/wp-json\/wp\/v2\/product_tag?post=3833"}],"curies":[{"name":"wp","href":"https:\/\/api.w.org\/{rel}","templated":true}]}}