{"id":3853,"date":"2022-10-28T12:45:40","date_gmt":"2022-10-28T10:45:40","guid":{"rendered":"https:\/\/webshop.nanooksiiskola.hu\/?post_type=product&#038;p=3853"},"modified":"2025-08-22T18:26:05","modified_gmt":"2025-08-22T16:26:05","slug":"3853","status":"publish","type":"product","link":"https:\/\/webshop.nanooksiiskola.hu\/en\/product\/3853\/","title":{"rendered":"Ventill\u00e1tor"},"content":{"rendered":"<p>K\u00e9zi mini ventill\u00e1tor.<\/p>\n<p>Gy\u00f6ny\u00f6r\u0171 narancss\u00e1rga sz\u00ednben.<\/p>\n<p>Praktikusan elf\u00e9r a zsebedben vagy a t\u00e1sk\u00e1dban.<\/p>\n<p>Tartalmazza az elemet \/ AA\/<\/p>","protected":false},"excerpt":{"rendered":"<p>K\u00e9zi mini ventill\u00e1tor. Gy\u00f6ny\u00f6r\u0171 narancss\u00e1rga sz\u00ednben. Praktikusan elf\u00e9r a zsebedben vagy a t\u00e1sk\u00e1dban. Tartalmazza az elemet \/ AA\/<\/p>","protected":false},"featured_media":3834,"template":"","meta":[],"product_cat":[60,61,44,46],"product_tag":[],"_links":{"self":[{"href":"https:\/\/webshop.nanooksiiskola.hu\/en\/wp-json\/wp\/v2\/product\/3853"}],"collection":[{"href":"https:\/\/webshop.nanooksiiskola.hu\/en\/wp-json\/wp\/v2\/product"}],"about":[{"href":"https:\/\/webshop.nanooksiiskola.hu\/en\/wp-json\/wp\/v2\/types\/product"}],"wp:featuredmedia":[{"embeddable":true,"href":"https:\/\/webshop.nanooksiiskola.hu\/en\/wp-json\/wp\/v2\/media\/3834"}],"wp:attachment":[{"href":"https:\/\/webshop.nanooksiiskola.hu\/en\/wp-json\/wp\/v2\/media?parent=3853"}],"wp:term":[{"taxonomy":"product_cat","embeddable":true,"href":"https:\/\/webshop.nanooksiiskola.hu\/en\/wp-json\/wp\/v2\/product_cat?post=3853"},{"taxonomy":"product_tag","embeddable":true,"href":"https:\/\/webshop.nanooksiiskola.hu\/en\/wp-json\/wp\/v2\/product_tag?post=3853"}],"curies":[{"name":"wp","href":"https:\/\/api.w.org\/{rel}","templated":true}]}}