{"id":3862,"date":"2022-10-28T13:04:51","date_gmt":"2022-10-28T11:04:51","guid":{"rendered":"https:\/\/webshop.nanooksiiskola.hu\/?post_type=product&#038;p=3862"},"modified":"2025-08-22T18:25:04","modified_gmt":"2025-08-22T16:25:04","slug":"mini-zsak-skyblue","status":"publish","type":"product","link":"https:\/\/webshop.nanooksiiskola.hu\/en\/product\/mini-zsak-skyblue\/","title":{"rendered":"Mini zs\u00e1k skyblue"},"content":{"rendered":"<p>Mini zs\u00e1k a s\u00edel\u0151s kieg\u00e9sz\u00edt\u0151id t\u00e1rol\u00e1s\u00e1hoz.<\/p>\n<p>Praktikus, k\u00f6nny\u0171, belef\u00e9rnek az apr\u00f3s\u00e1gok.<\/p>","protected":false},"excerpt":{"rendered":"<p>Mini zs\u00e1k a s\u00edel\u0151s kieg\u00e9sz\u00edt\u0151id t\u00e1rol\u00e1s\u00e1hoz. Praktikus, k\u00f6nny\u0171, belef\u00e9rnek az apr\u00f3s\u00e1gok.<\/p>","protected":false},"featured_media":3841,"template":"","meta":[],"product_cat":[61,46,63],"product_tag":[],"_links":{"self":[{"href":"https:\/\/webshop.nanooksiiskola.hu\/en\/wp-json\/wp\/v2\/product\/3862"}],"collection":[{"href":"https:\/\/webshop.nanooksiiskola.hu\/en\/wp-json\/wp\/v2\/product"}],"about":[{"href":"https:\/\/webshop.nanooksiiskola.hu\/en\/wp-json\/wp\/v2\/types\/product"}],"wp:featuredmedia":[{"embeddable":true,"href":"https:\/\/webshop.nanooksiiskola.hu\/en\/wp-json\/wp\/v2\/media\/3841"}],"wp:attachment":[{"href":"https:\/\/webshop.nanooksiiskola.hu\/en\/wp-json\/wp\/v2\/media?parent=3862"}],"wp:term":[{"taxonomy":"product_cat","embeddable":true,"href":"https:\/\/webshop.nanooksiiskola.hu\/en\/wp-json\/wp\/v2\/product_cat?post=3862"},{"taxonomy":"product_tag","embeddable":true,"href":"https:\/\/webshop.nanooksiiskola.hu\/en\/wp-json\/wp\/v2\/product_tag?post=3862"}],"curies":[{"name":"wp","href":"https:\/\/api.w.org\/{rel}","templated":true}]}}