{"id":3864,"date":"2022-10-28T13:15:30","date_gmt":"2022-10-28T11:15:30","guid":{"rendered":"https:\/\/webshop.nanooksiiskola.hu\/?post_type=product&#038;p=3864"},"modified":"2025-08-22T18:24:45","modified_gmt":"2025-08-22T16:24:45","slug":"napszemuveg","status":"publish","type":"product","link":"https:\/\/webshop.nanooksiiskola.hu\/en\/product\/napszemuveg\/","title":{"rendered":"Napszem\u00fcveg"},"content":{"rendered":"<p>Klasszikus napszem\u00fcveg, mikro sz\u00e1las tokkal.<\/p>","protected":false},"excerpt":{"rendered":"<p>Klasszikus napszem\u00fcveg, mikro sz\u00e1las tokkal.<\/p>","protected":false},"featured_media":3837,"template":"","meta":[],"product_cat":[61,44],"product_tag":[],"_links":{"self":[{"href":"https:\/\/webshop.nanooksiiskola.hu\/en\/wp-json\/wp\/v2\/product\/3864"}],"collection":[{"href":"https:\/\/webshop.nanooksiiskola.hu\/en\/wp-json\/wp\/v2\/product"}],"about":[{"href":"https:\/\/webshop.nanooksiiskola.hu\/en\/wp-json\/wp\/v2\/types\/product"}],"wp:featuredmedia":[{"embeddable":true,"href":"https:\/\/webshop.nanooksiiskola.hu\/en\/wp-json\/wp\/v2\/media\/3837"}],"wp:attachment":[{"href":"https:\/\/webshop.nanooksiiskola.hu\/en\/wp-json\/wp\/v2\/media?parent=3864"}],"wp:term":[{"taxonomy":"product_cat","embeddable":true,"href":"https:\/\/webshop.nanooksiiskola.hu\/en\/wp-json\/wp\/v2\/product_cat?post=3864"},{"taxonomy":"product_tag","embeddable":true,"href":"https:\/\/webshop.nanooksiiskola.hu\/en\/wp-json\/wp\/v2\/product_tag?post=3864"}],"curies":[{"name":"wp","href":"https:\/\/api.w.org\/{rel}","templated":true}]}}