{"id":3874,"date":"2022-10-28T14:31:19","date_gmt":"2022-10-28T12:31:19","guid":{"rendered":"https:\/\/webshop.nanooksiiskola.hu\/?post_type=product&#038;p=3874"},"modified":"2025-08-22T18:23:58","modified_gmt":"2025-08-22T16:23:58","slug":"babzsak-ratrak","status":"publish","type":"product","link":"https:\/\/webshop.nanooksiiskola.hu\/en\/product\/babzsak-ratrak\/","title":{"rendered":"Babzs\u00e1k fotel ratrak"},"content":{"rendered":"<p>Babzs\u00e1k fotel<\/p>\n<p>Egyedi mint\u00e1s, k\u00e9nyelmes, k\u00f6nny\u0171, k\u00f6zepes m\u00e9ret\u0171.<\/p>\n<p>&nbsp;<\/p>","protected":false},"excerpt":{"rendered":"<p>Babzs\u00e1k fotel Egyedi mint\u00e1s, k\u00e9nyelmes, k\u00f6nny\u0171, k\u00f6zepes m\u00e9ret\u0171. &nbsp;<\/p>","protected":false},"featured_media":3867,"template":"","meta":[],"product_cat":[65,61],"product_tag":[],"_links":{"self":[{"href":"https:\/\/webshop.nanooksiiskola.hu\/en\/wp-json\/wp\/v2\/product\/3874"}],"collection":[{"href":"https:\/\/webshop.nanooksiiskola.hu\/en\/wp-json\/wp\/v2\/product"}],"about":[{"href":"https:\/\/webshop.nanooksiiskola.hu\/en\/wp-json\/wp\/v2\/types\/product"}],"wp:featuredmedia":[{"embeddable":true,"href":"https:\/\/webshop.nanooksiiskola.hu\/en\/wp-json\/wp\/v2\/media\/3867"}],"wp:attachment":[{"href":"https:\/\/webshop.nanooksiiskola.hu\/en\/wp-json\/wp\/v2\/media?parent=3874"}],"wp:term":[{"taxonomy":"product_cat","embeddable":true,"href":"https:\/\/webshop.nanooksiiskola.hu\/en\/wp-json\/wp\/v2\/product_cat?post=3874"},{"taxonomy":"product_tag","embeddable":true,"href":"https:\/\/webshop.nanooksiiskola.hu\/en\/wp-json\/wp\/v2\/product_tag?post=3874"}],"curies":[{"name":"wp","href":"https:\/\/api.w.org\/{rel}","templated":true}]}}