{"id":3875,"date":"2022-10-28T14:34:27","date_gmt":"2022-10-28T12:34:27","guid":{"rendered":"https:\/\/webshop.nanooksiiskola.hu\/?post_type=product&#038;p=3875"},"modified":"2025-08-22T18:23:36","modified_gmt":"2025-08-22T16:23:36","slug":"babzsak-turrach-os","status":"publish","type":"product","link":"https:\/\/webshop.nanooksiiskola.hu\/en\/product\/babzsak-turrach-os\/","title":{"rendered":"Babzs\u00e1k fotel Turrach-os"},"content":{"rendered":"<p>Babzs\u00e1k fotel<\/p>\n<p>K\u00f6zepes m\u00e9ret\u0171, k\u00f6nny\u0171, egyedi mint\u00e1s, moshat\u00f3.<\/p>","protected":false},"excerpt":{"rendered":"<p>Babzs\u00e1k fotel K\u00f6zepes m\u00e9ret\u0171, k\u00f6nny\u0171, egyedi mint\u00e1s, moshat\u00f3.<\/p>","protected":false},"featured_media":3866,"template":"","meta":[],"product_cat":[65,61],"product_tag":[],"_links":{"self":[{"href":"https:\/\/webshop.nanooksiiskola.hu\/en\/wp-json\/wp\/v2\/product\/3875"}],"collection":[{"href":"https:\/\/webshop.nanooksiiskola.hu\/en\/wp-json\/wp\/v2\/product"}],"about":[{"href":"https:\/\/webshop.nanooksiiskola.hu\/en\/wp-json\/wp\/v2\/types\/product"}],"wp:featuredmedia":[{"embeddable":true,"href":"https:\/\/webshop.nanooksiiskola.hu\/en\/wp-json\/wp\/v2\/media\/3866"}],"wp:attachment":[{"href":"https:\/\/webshop.nanooksiiskola.hu\/en\/wp-json\/wp\/v2\/media?parent=3875"}],"wp:term":[{"taxonomy":"product_cat","embeddable":true,"href":"https:\/\/webshop.nanooksiiskola.hu\/en\/wp-json\/wp\/v2\/product_cat?post=3875"},{"taxonomy":"product_tag","embeddable":true,"href":"https:\/\/webshop.nanooksiiskola.hu\/en\/wp-json\/wp\/v2\/product_tag?post=3875"}],"curies":[{"name":"wp","href":"https:\/\/api.w.org\/{rel}","templated":true}]}}