{"id":3880,"date":"2022-11-07T15:01:24","date_gmt":"2022-11-07T13:01:24","guid":{"rendered":"http:\/\/webshop.nanooksiiskola.hu\/?post_type=product&#038;p=3880"},"modified":"2023-08-24T16:28:39","modified_gmt":"2023-08-24T14:28:39","slug":"unimog","status":"publish","type":"product","link":"https:\/\/webshop.nanooksiiskola.hu\/en\/product\/unimog\/","title":{"rendered":"Unimog"},"content":{"rendered":"<p>A s\u00f3sz\u00f3r\u00f3 fel \u00e9s lehajthat\u00f3. Csavarok \u00e9s ragaszt\u00f3 n\u00e9lk\u00fcli. A s\u00edl\u00f3tart\u00e1ly teteje levehet\u0151<\/p>","protected":false},"excerpt":{"rendered":"<p>A s\u00f3sz\u00f3r\u00f3 fel \u00e9s lehajthat\u00f3. Csavarok \u00e9s ragaszt\u00f3 n\u00e9lk\u00fcli. A s\u00edl\u00f3tart\u00e1ly teteje levehet\u0151<\/p>","protected":false},"featured_media":3810,"template":"","meta":[],"product_cat":[60],"product_tag":[],"_links":{"self":[{"href":"https:\/\/webshop.nanooksiiskola.hu\/en\/wp-json\/wp\/v2\/product\/3880"}],"collection":[{"href":"https:\/\/webshop.nanooksiiskola.hu\/en\/wp-json\/wp\/v2\/product"}],"about":[{"href":"https:\/\/webshop.nanooksiiskola.hu\/en\/wp-json\/wp\/v2\/types\/product"}],"wp:featuredmedia":[{"embeddable":true,"href":"https:\/\/webshop.nanooksiiskola.hu\/en\/wp-json\/wp\/v2\/media\/3810"}],"wp:attachment":[{"href":"https:\/\/webshop.nanooksiiskola.hu\/en\/wp-json\/wp\/v2\/media?parent=3880"}],"wp:term":[{"taxonomy":"product_cat","embeddable":true,"href":"https:\/\/webshop.nanooksiiskola.hu\/en\/wp-json\/wp\/v2\/product_cat?post=3880"},{"taxonomy":"product_tag","embeddable":true,"href":"https:\/\/webshop.nanooksiiskola.hu\/en\/wp-json\/wp\/v2\/product_tag?post=3880"}],"curies":[{"name":"wp","href":"https:\/\/api.w.org\/{rel}","templated":true}]}}