{"id":3881,"date":"2022-11-07T15:07:09","date_gmt":"2022-11-07T13:07:09","guid":{"rendered":"http:\/\/webshop.nanooksiiskola.hu\/?post_type=product&#038;p=3881"},"modified":"2025-08-22T18:26:59","modified_gmt":"2025-08-22T16:26:59","slug":"3881","status":"publish","type":"product","link":"https:\/\/webshop.nanooksiiskola.hu\/en\/product\/3881\/","title":{"rendered":"\u00dasz\u00f3sapka"},"content":{"rendered":"<p>Rugalmas, fejhez simul\u00f3, puha tapint\u00e1s\u00fa.<\/p>\n<p>T\u00f6k\u00e9letes k\u00fcl\u00f6n\u00f6sen hossz\u00fa hajhoz.<\/p>\n<p>&nbsp;<\/p>","protected":false},"excerpt":{"rendered":"<p>Rugalmas, fejhez simul\u00f3, puha tapint\u00e1s\u00fa. T\u00f6k\u00e9letes k\u00fcl\u00f6n\u00f6sen hossz\u00fa hajhoz. &nbsp;<\/p>","protected":false},"featured_media":3326,"template":"","meta":[],"product_cat":[44,46],"product_tag":[],"_links":{"self":[{"href":"https:\/\/webshop.nanooksiiskola.hu\/en\/wp-json\/wp\/v2\/product\/3881"}],"collection":[{"href":"https:\/\/webshop.nanooksiiskola.hu\/en\/wp-json\/wp\/v2\/product"}],"about":[{"href":"https:\/\/webshop.nanooksiiskola.hu\/en\/wp-json\/wp\/v2\/types\/product"}],"wp:featuredmedia":[{"embeddable":true,"href":"https:\/\/webshop.nanooksiiskola.hu\/en\/wp-json\/wp\/v2\/media\/3326"}],"wp:attachment":[{"href":"https:\/\/webshop.nanooksiiskola.hu\/en\/wp-json\/wp\/v2\/media?parent=3881"}],"wp:term":[{"taxonomy":"product_cat","embeddable":true,"href":"https:\/\/webshop.nanooksiiskola.hu\/en\/wp-json\/wp\/v2\/product_cat?post=3881"},{"taxonomy":"product_tag","embeddable":true,"href":"https:\/\/webshop.nanooksiiskola.hu\/en\/wp-json\/wp\/v2\/product_tag?post=3881"}],"curies":[{"name":"wp","href":"https:\/\/api.w.org\/{rel}","templated":true}]}}