{"id":3884,"date":"2022-11-07T15:44:39","date_gmt":"2022-11-07T13:44:39","guid":{"rendered":"http:\/\/webshop.nanooksiiskola.hu\/?post_type=product&#038;p=3884"},"modified":"2025-08-22T18:22:24","modified_gmt":"2025-08-22T16:22:24","slug":"kotott-sapka-2","status":"publish","type":"product","link":"https:\/\/webshop.nanooksiiskola.hu\/en\/product\/kotott-sapka-2\/","title":{"rendered":"K\u00f6t\u00f6tt sapka"},"content":{"rendered":"<p>T\u00e9li k\u00f6t\u00f6tt b\u00e9lelt sapka.<\/p>","protected":false},"excerpt":{"rendered":"<p>T\u00e9li k\u00f6t\u00f6tt b\u00e9lelt sapka.<\/p>","protected":false},"featured_media":3885,"template":"","meta":[],"product_cat":[67],"product_tag":[],"_links":{"self":[{"href":"https:\/\/webshop.nanooksiiskola.hu\/en\/wp-json\/wp\/v2\/product\/3884"}],"collection":[{"href":"https:\/\/webshop.nanooksiiskola.hu\/en\/wp-json\/wp\/v2\/product"}],"about":[{"href":"https:\/\/webshop.nanooksiiskola.hu\/en\/wp-json\/wp\/v2\/types\/product"}],"wp:featuredmedia":[{"embeddable":true,"href":"https:\/\/webshop.nanooksiiskola.hu\/en\/wp-json\/wp\/v2\/media\/3885"}],"wp:attachment":[{"href":"https:\/\/webshop.nanooksiiskola.hu\/en\/wp-json\/wp\/v2\/media?parent=3884"}],"wp:term":[{"taxonomy":"product_cat","embeddable":true,"href":"https:\/\/webshop.nanooksiiskola.hu\/en\/wp-json\/wp\/v2\/product_cat?post=3884"},{"taxonomy":"product_tag","embeddable":true,"href":"https:\/\/webshop.nanooksiiskola.hu\/en\/wp-json\/wp\/v2\/product_tag?post=3884"}],"curies":[{"name":"wp","href":"https:\/\/api.w.org\/{rel}","templated":true}]}}