{"id":3950,"date":"2023-06-09T19:19:33","date_gmt":"2023-06-09T17:19:33","guid":{"rendered":"https:\/\/webshop.nanooksiiskola.hu\/?post_type=product&#038;p=3950"},"modified":"2025-08-22T18:10:55","modified_gmt":"2025-08-22T16:10:55","slug":"napozoagy-fa-kerettel","status":"publish","type":"product","link":"https:\/\/webshop.nanooksiiskola.hu\/en\/product\/napozoagy-fa-kerettel\/","title":{"rendered":"Napoz\u00f3\u00e1gy fa kerettel"},"content":{"rendered":"<p>K\u00e9nyelmes pihen\u0151 sz\u00e9k.<\/p>\n<p>K\u00f6nnyen \u00f6sszecsukhat\u00f3.<\/p>\n<p>Fa kerettel.<\/p>","protected":false},"excerpt":{"rendered":"<p>K\u00e9nyelmes pihen\u0151 sz\u00e9k. K\u00f6nnyen \u00f6sszecsukhat\u00f3. Fa kerettel.<\/p>","protected":false},"featured_media":3922,"template":"","meta":[],"product_cat":[61,44,68],"product_tag":[],"_links":{"self":[{"href":"https:\/\/webshop.nanooksiiskola.hu\/en\/wp-json\/wp\/v2\/product\/3950"}],"collection":[{"href":"https:\/\/webshop.nanooksiiskola.hu\/en\/wp-json\/wp\/v2\/product"}],"about":[{"href":"https:\/\/webshop.nanooksiiskola.hu\/en\/wp-json\/wp\/v2\/types\/product"}],"wp:featuredmedia":[{"embeddable":true,"href":"https:\/\/webshop.nanooksiiskola.hu\/en\/wp-json\/wp\/v2\/media\/3922"}],"wp:attachment":[{"href":"https:\/\/webshop.nanooksiiskola.hu\/en\/wp-json\/wp\/v2\/media?parent=3950"}],"wp:term":[{"taxonomy":"product_cat","embeddable":true,"href":"https:\/\/webshop.nanooksiiskola.hu\/en\/wp-json\/wp\/v2\/product_cat?post=3950"},{"taxonomy":"product_tag","embeddable":true,"href":"https:\/\/webshop.nanooksiiskola.hu\/en\/wp-json\/wp\/v2\/product_tag?post=3950"}],"curies":[{"name":"wp","href":"https:\/\/api.w.org\/{rel}","templated":true}]}}