{"id":3953,"date":"2023-06-09T20:28:25","date_gmt":"2023-06-09T18:28:25","guid":{"rendered":"https:\/\/webshop.nanooksiiskola.hu\/?post_type=product&#038;p=3953"},"modified":"2025-08-22T18:10:18","modified_gmt":"2025-08-22T16:10:18","slug":"zseblampa","status":"publish","type":"product","link":"https:\/\/webshop.nanooksiiskola.hu\/en\/product\/zseblampa\/","title":{"rendered":"Zsebl\u00e1mpa"},"content":{"rendered":"<p>Dinam\u00f3s zsebl\u00e1mpa.<\/p>\n<p>Elem n\u00e9lk\u00fcl m\u0171k\u00f6dik.<\/p>\n<p>Ezzel b\u00e1rhonnan hazatal\u00e1lsz.<\/p>","protected":false},"excerpt":{"rendered":"<p>Dinam\u00f3s zsebl\u00e1mpa. Elem n\u00e9lk\u00fcl m\u0171k\u00f6dik. Ezzel b\u00e1rhonnan hazatal\u00e1lsz.<\/p>","protected":false},"featured_media":3931,"template":"","meta":[],"product_cat":[61,44,62],"product_tag":[],"_links":{"self":[{"href":"https:\/\/webshop.nanooksiiskola.hu\/en\/wp-json\/wp\/v2\/product\/3953"}],"collection":[{"href":"https:\/\/webshop.nanooksiiskola.hu\/en\/wp-json\/wp\/v2\/product"}],"about":[{"href":"https:\/\/webshop.nanooksiiskola.hu\/en\/wp-json\/wp\/v2\/types\/product"}],"wp:featuredmedia":[{"embeddable":true,"href":"https:\/\/webshop.nanooksiiskola.hu\/en\/wp-json\/wp\/v2\/media\/3931"}],"wp:attachment":[{"href":"https:\/\/webshop.nanooksiiskola.hu\/en\/wp-json\/wp\/v2\/media?parent=3953"}],"wp:term":[{"taxonomy":"product_cat","embeddable":true,"href":"https:\/\/webshop.nanooksiiskola.hu\/en\/wp-json\/wp\/v2\/product_cat?post=3953"},{"taxonomy":"product_tag","embeddable":true,"href":"https:\/\/webshop.nanooksiiskola.hu\/en\/wp-json\/wp\/v2\/product_tag?post=3953"}],"curies":[{"name":"wp","href":"https:\/\/api.w.org\/{rel}","templated":true}]}}