{"id":3955,"date":"2023-06-09T20:42:17","date_gmt":"2023-06-09T18:42:17","guid":{"rendered":"https:\/\/webshop.nanooksiiskola.hu\/?post_type=product&#038;p=3955"},"modified":"2025-08-22T18:02:22","modified_gmt":"2025-08-22T16:02:22","slug":"sikabat","status":"publish","type":"product","link":"https:\/\/webshop.nanooksiiskola.hu\/en\/product\/sikabat\/","title":{"rendered":"Gyerek S\u00edkab\u00e1t"},"content":{"rendered":"<p>Gyermek s\u00edkab\u00e1t, unisex.<\/p>\n<p>Fundango m\u00e1rk\u00e1j\u00fa, l\u00f3g\u00f3zott t\u00e9li kab\u00e1t.<\/p>\n<p>T\u00f6bbf\u00e9le m\u00e9retben \/92-170 cm-ig\/.<\/p>\n<p>H\u00f3fog\u00f3val \u00e9s s\u00edb\u00e9rlettart\u00f3val rendelkezik.<\/p>","protected":false},"excerpt":{"rendered":"<p>Gyermek s\u00edkab\u00e1t, unisex. Fundango m\u00e1rk\u00e1j\u00fa, l\u00f3g\u00f3zott t\u00e9li kab\u00e1t. T\u00f6bbf\u00e9le m\u00e9retben \/92-170 cm-ig\/. H\u00f3fog\u00f3val \u00e9s s\u00edb\u00e9rlettart\u00f3val rendelkezik.<\/p>","protected":false},"featured_media":3936,"template":"","meta":[],"product_cat":[64,62],"product_tag":[],"_links":{"self":[{"href":"https:\/\/webshop.nanooksiiskola.hu\/en\/wp-json\/wp\/v2\/product\/3955"}],"collection":[{"href":"https:\/\/webshop.nanooksiiskola.hu\/en\/wp-json\/wp\/v2\/product"}],"about":[{"href":"https:\/\/webshop.nanooksiiskola.hu\/en\/wp-json\/wp\/v2\/types\/product"}],"wp:featuredmedia":[{"embeddable":true,"href":"https:\/\/webshop.nanooksiiskola.hu\/en\/wp-json\/wp\/v2\/media\/3936"}],"wp:attachment":[{"href":"https:\/\/webshop.nanooksiiskola.hu\/en\/wp-json\/wp\/v2\/media?parent=3955"}],"wp:term":[{"taxonomy":"product_cat","embeddable":true,"href":"https:\/\/webshop.nanooksiiskola.hu\/en\/wp-json\/wp\/v2\/product_cat?post=3955"},{"taxonomy":"product_tag","embeddable":true,"href":"https:\/\/webshop.nanooksiiskola.hu\/en\/wp-json\/wp\/v2\/product_tag?post=3955"}],"curies":[{"name":"wp","href":"https:\/\/api.w.org\/{rel}","templated":true}]}}