{"id":3988,"date":"2023-08-24T16:54:53","date_gmt":"2023-08-24T14:54:53","guid":{"rendered":"https:\/\/webshop.nanooksiiskola.hu\/?post_type=product&#038;p=3988"},"modified":"2026-03-27T10:49:32","modified_gmt":"2026-03-27T08:49:32","slug":"snowboardos-baba","status":"publish","type":"product","link":"https:\/\/webshop.nanooksiiskola.hu\/en\/product\/snowboardos-baba\/","title":{"rendered":"Snowboardos Baba"},"content":{"rendered":"<div class=\"page\" title=\"Page 8\">\n<div class=\"layoutArea\">\n<div class=\"column\">\n<p>Snowboardos Baba<\/p>\n<p>Sarah Katharina a JC s\u00ed- \u00e9s snowboard iskola oktat\u00f3ja. J\u00e1tszd el vele ahogy h\u00f3deszk\u00e1zik, oktatja a gyerekeket, feln\u0151tteket. Felszerel\u00e9s\u00e9t kedvedre leveheted r\u00f3la. Hossz\u00fa barna haj\u00e1t f\u00e9s\u00fclheted. Hajl\u00edthatod a t\u00e9rd\u00e9t, bok\u00e1j\u00e1t, hogy snowboardozzon vagy le\u00fclj\u00f6n pihenni. Sarah Katharina csinos ruh\u00e1t \u00e9s napszem\u00fcveget hord.<\/p>\n<p>Sport- \u00e9s kalandj\u00e1t\u00e9k szett szuper er\u0151s, kiv\u00e1l\u00f3 min\u0151s\u00e9g\u0171 BPA mentes m\u0171anyagb\u00f3l, autentikus, rendk\u00edv\u00fcl r\u00e9szletes kivitel\u0171 sportfelszerel\u00e9ssel, sok kieg\u00e9sz\u00edt\u0151vel.<br \/>\nA k\u00e9szlet tartalma: 1 Snowboardos akci\u00f3figura, egy snowboard, egy p\u00e1r bakancs, s\u00edszem\u00fcveg, nadr\u00e1g, kapucnis fels\u0151.<br \/>\n28 cm-es akci\u00f3figura, 9 csukl\u00f3s csatlakoz\u00e1si ponttal.<br \/>\nM\u00e9retar\u00e1ny 1:6<br \/>\nRemek szett gyermeked k\u00e9szs\u00e9geinek fejleszt\u00e9s\u00e9re \u00e9s \u00f3r\u00e1kig tart\u00f3 elfoglalts\u00e1g\u00e1ra.<br \/>\nGy\u0171jtsd \u00f6ssze mindet! A sorozatban el\u00e9rhet\u0151 j\u00e9gt\u00e1ncos, s\u00edel\u0151, s\u00edversenyz\u0151, snowboardos \u00e9s sz\u00e1nk\u00f3z\u00f3 baba is!<\/p>\n<p>Korhata\u0301r: 3 +<\/p>\n<\/div>\n<\/div>\n<\/div>","protected":false},"excerpt":{"rendered":"<p>Snowboardos Baba Sarah Katharina a JC s\u00ed- \u00e9s snowboard iskola oktat\u00f3ja. J\u00e1tszd el vele ahogy h\u00f3deszk\u00e1zik, oktatja a gyerekeket, feln\u0151tteket. Felszerel\u00e9s\u00e9t kedvedre leveheted r\u00f3la. Hossz\u00fa barna haj\u00e1t f\u00e9s\u00fclheted. Hajl\u00edthatod a t\u00e9rd\u00e9t, bok\u00e1j\u00e1t, hogy snowboardozzon vagy le\u00fclj\u00f6n pihenni. Sarah Katharina csinos ruh\u00e1t \u00e9s napszem\u00fcveget hord. Sport- \u00e9s kalandj\u00e1t\u00e9k szett szuper er\u0151s, kiv\u00e1l\u00f3 min\u0151s\u00e9g\u0171 BPA mentes m\u0171anyagb\u00f3l,&#8230;<\/p>","protected":false},"featured_media":3991,"template":"","meta":[],"product_cat":[60],"product_tag":[],"_links":{"self":[{"href":"https:\/\/webshop.nanooksiiskola.hu\/en\/wp-json\/wp\/v2\/product\/3988"}],"collection":[{"href":"https:\/\/webshop.nanooksiiskola.hu\/en\/wp-json\/wp\/v2\/product"}],"about":[{"href":"https:\/\/webshop.nanooksiiskola.hu\/en\/wp-json\/wp\/v2\/types\/product"}],"wp:featuredmedia":[{"embeddable":true,"href":"https:\/\/webshop.nanooksiiskola.hu\/en\/wp-json\/wp\/v2\/media\/3991"}],"wp:attachment":[{"href":"https:\/\/webshop.nanooksiiskola.hu\/en\/wp-json\/wp\/v2\/media?parent=3988"}],"wp:term":[{"taxonomy":"product_cat","embeddable":true,"href":"https:\/\/webshop.nanooksiiskola.hu\/en\/wp-json\/wp\/v2\/product_cat?post=3988"},{"taxonomy":"product_tag","embeddable":true,"href":"https:\/\/webshop.nanooksiiskola.hu\/en\/wp-json\/wp\/v2\/product_tag?post=3988"}],"curies":[{"name":"wp","href":"https:\/\/api.w.org\/{rel}","templated":true}]}}