{"id":4056,"date":"2023-08-25T09:31:25","date_gmt":"2023-08-25T07:31:25","guid":{"rendered":"https:\/\/webshop.nanooksiiskola.hu\/?post_type=product&#038;p=4056"},"modified":"2025-08-22T17:40:06","modified_gmt":"2025-08-22T15:40:06","slug":"bayerische-zugspitze-elektromos-felvono-2-nagykabinal-fekete-132","status":"publish","type":"product","link":"https:\/\/webshop.nanooksiiskola.hu\/en\/product\/bayerische-zugspitze-elektromos-felvono-2-nagykabinal-fekete-132\/","title":{"rendered":"Zugspitze k\u00e9zi felvon\u00f3"},"content":{"rendered":"<table class=\"product_parameters\">\n<tbody>\n<tr class=\"product-parameter-row product-short-description-row\">\n<td class=\"param-value product-short-description\" colspan=\"2\">K\u00e9zi hajt\u00e1s\u00fa nagykabinos l\u00e9gi felvon\u00f3 k\u00e9szlet kezd\u0151 k\u00f6t\u00e9lp\u00e1lya rajong\u00f3knak. 1:32<\/p>\n<p>A zsin\u00f3r v\u00e9g\u00e9t felakaszthatod pl. az ajt\u00f3 kilincsre \u00e9s m\u00e1r indulhat is a felvon\u00f3.<\/p>\n<p>A meghajt\u00f3 \u00e1llom\u00e1st tapad\u00f3 korongok r\u00f6gz\u00edtik a talajhoz.<\/p>\n<p>A kabinok oda-vissza k\u00f6zlekednek, ind\u00edt\u00f3 karral v\u00e1ltoztathatod a halad\u00e1s ir\u00e1ny\u00e1t.<\/p>\n<p>K\u00e9szlet tartalma:<\/p>\n<p>&#8211; meghajt\u00f3 \u00e1llom\u00e1s<\/p>\n<p>&#8211; fesz\u00edt\u0151 g\u00f6rg\u0151<\/p>\n<p>&#8211; 2 db nagykabin<\/p>\n<p>&#8211; k\u00f6t\u00e9l<\/p>\n<p>Elemeket vagy h\u00e1l\u00f3zati adaptert (JC 50080) nem tartalmaz.<\/p>\n<p>\u26a0\ufe0fFIGYELEM: fullad\u00e1s vesz\u00e9ly! 3 \u00e9vesn\u00e9l kisebb gyermekeknek nem aj\u00e1nlott. Apr\u00f3 alkatr\u00e9szeket tartalmazhat, melyek lenyel\u00e9se fullad\u00e1st okozhat!<\/td>\n<\/tr>\n<\/tbody>\n<\/table>","protected":false},"excerpt":{"rendered":"<p>K\u00e9zi hajt\u00e1s\u00fa nagykabinos l\u00e9gi felvon\u00f3 k\u00e9szlet kezd\u0151 k\u00f6t\u00e9lp\u00e1lya rajong\u00f3knak. 1:32<\/p>\n<p>A zsin\u00f3r v\u00e9g\u00e9t felakaszthatod pl. az ajt\u00f3 kilincsre \u00e9s m\u00e1r indulhat is a felvon\u00f3.<\/p>\n<p>A meghajt\u00f3 \u00e1llom\u00e1st tapad\u00f3 korongok r\u00f6gz\u00edtik a talajhoz.<\/p>\n<p>A kabinok oda-vissza k\u00f6zlekednek, ind\u00edt\u00f3 karral v\u00e1ltoztathatod a halad\u00e1s ir\u00e1ny\u00e1t.<\/p>\n<p>K\u00e9szlet tartalma:<\/p>\n<p>&#8211; meghajt\u00f3 \u00e1llom\u00e1s<\/p>\n<p>&#8211; fesz\u00edt\u0151 g\u00f6rg\u0151<\/p>\n<p>&#8211; 2 db nagykabin<\/p>\n<p>&#8211; k\u00f6t\u00e9l<\/p>\n<p>Elemeket vagy h\u00e1l\u00f3zati adaptert (JC 50080) nem tartalmaz.<\/p>\n<p>\u26a0\ufe0fFIGYELEM: fullad\u00e1s vesz\u00e9ly! 3 \u00e9vesn\u00e9l kisebb gyermekeknek nem aj\u00e1nlott. Apr\u00f3 alkatr\u00e9szeket tartalmazhat, melyek lenyel\u00e9se fullad\u00e1st okozhat!<\/p>","protected":false},"featured_media":3977,"template":"","meta":[],"product_cat":[60],"product_tag":[],"_links":{"self":[{"href":"https:\/\/webshop.nanooksiiskola.hu\/en\/wp-json\/wp\/v2\/product\/4056"}],"collection":[{"href":"https:\/\/webshop.nanooksiiskola.hu\/en\/wp-json\/wp\/v2\/product"}],"about":[{"href":"https:\/\/webshop.nanooksiiskola.hu\/en\/wp-json\/wp\/v2\/types\/product"}],"wp:featuredmedia":[{"embeddable":true,"href":"https:\/\/webshop.nanooksiiskola.hu\/en\/wp-json\/wp\/v2\/media\/3977"}],"wp:attachment":[{"href":"https:\/\/webshop.nanooksiiskola.hu\/en\/wp-json\/wp\/v2\/media?parent=4056"}],"wp:term":[{"taxonomy":"product_cat","embeddable":true,"href":"https:\/\/webshop.nanooksiiskola.hu\/en\/wp-json\/wp\/v2\/product_cat?post=4056"},{"taxonomy":"product_tag","embeddable":true,"href":"https:\/\/webshop.nanooksiiskola.hu\/en\/wp-json\/wp\/v2\/product_tag?post=4056"}],"curies":[{"name":"wp","href":"https:\/\/api.w.org\/{rel}","templated":true}]}}