{"id":4060,"date":"2023-11-28T15:06:41","date_gmt":"2023-11-28T13:06:41","guid":{"rendered":"https:\/\/webshop.nanooksiiskola.hu\/?post_type=product&#038;p=4060"},"modified":"2025-08-22T17:35:51","modified_gmt":"2025-08-22T15:35:51","slug":"kulcstarto-2","status":"publish","type":"product","link":"https:\/\/webshop.nanooksiiskola.hu\/en\/product\/kulcstarto-2\/","title":{"rendered":"Kulcstart\u00f3"},"content":{"rendered":"<p>Kulcstart\u00f3, s\u00f6rnyit\u00f3val,<\/p>","protected":false},"excerpt":{"rendered":"<p>Kulcstart\u00f3, s\u00f6rnyit\u00f3val,<\/p>","protected":false},"featured_media":4061,"template":"","meta":[],"product_cat":[61,62],"product_tag":[],"_links":{"self":[{"href":"https:\/\/webshop.nanooksiiskola.hu\/en\/wp-json\/wp\/v2\/product\/4060"}],"collection":[{"href":"https:\/\/webshop.nanooksiiskola.hu\/en\/wp-json\/wp\/v2\/product"}],"about":[{"href":"https:\/\/webshop.nanooksiiskola.hu\/en\/wp-json\/wp\/v2\/types\/product"}],"wp:featuredmedia":[{"embeddable":true,"href":"https:\/\/webshop.nanooksiiskola.hu\/en\/wp-json\/wp\/v2\/media\/4061"}],"wp:attachment":[{"href":"https:\/\/webshop.nanooksiiskola.hu\/en\/wp-json\/wp\/v2\/media?parent=4060"}],"wp:term":[{"taxonomy":"product_cat","embeddable":true,"href":"https:\/\/webshop.nanooksiiskola.hu\/en\/wp-json\/wp\/v2\/product_cat?post=4060"},{"taxonomy":"product_tag","embeddable":true,"href":"https:\/\/webshop.nanooksiiskola.hu\/en\/wp-json\/wp\/v2\/product_tag?post=4060"}],"curies":[{"name":"wp","href":"https:\/\/api.w.org\/{rel}","templated":true}]}}