{"id":4070,"date":"2023-11-28T15:15:34","date_gmt":"2023-11-28T13:15:34","guid":{"rendered":"https:\/\/webshop.nanooksiiskola.hu\/?post_type=product&#038;p=4070"},"modified":"2023-11-28T15:22:41","modified_gmt":"2023-11-28T13:22:41","slug":"kituzo-macis","status":"publish","type":"product","link":"https:\/\/webshop.nanooksiiskola.hu\/en\/product\/kituzo-macis\/","title":{"rendered":"Kit\u0171z\u0151 Macis"},"content":{"rendered":"<p>M\u00e1gneses kit\u0171z\u0151.<\/p>","protected":false},"excerpt":{"rendered":"<p>M\u00e1gneses kit\u0171z\u0151.<\/p>","protected":false},"featured_media":4064,"template":"","meta":[],"product_cat":[61,62],"product_tag":[],"_links":{"self":[{"href":"https:\/\/webshop.nanooksiiskola.hu\/en\/wp-json\/wp\/v2\/product\/4070"}],"collection":[{"href":"https:\/\/webshop.nanooksiiskola.hu\/en\/wp-json\/wp\/v2\/product"}],"about":[{"href":"https:\/\/webshop.nanooksiiskola.hu\/en\/wp-json\/wp\/v2\/types\/product"}],"wp:featuredmedia":[{"embeddable":true,"href":"https:\/\/webshop.nanooksiiskola.hu\/en\/wp-json\/wp\/v2\/media\/4064"}],"wp:attachment":[{"href":"https:\/\/webshop.nanooksiiskola.hu\/en\/wp-json\/wp\/v2\/media?parent=4070"}],"wp:term":[{"taxonomy":"product_cat","embeddable":true,"href":"https:\/\/webshop.nanooksiiskola.hu\/en\/wp-json\/wp\/v2\/product_cat?post=4070"},{"taxonomy":"product_tag","embeddable":true,"href":"https:\/\/webshop.nanooksiiskola.hu\/en\/wp-json\/wp\/v2\/product_tag?post=4070"}],"curies":[{"name":"wp","href":"https:\/\/api.w.org\/{rel}","templated":true}]}}