{"id":4071,"date":"2023-11-28T15:17:38","date_gmt":"2023-11-28T13:17:38","guid":{"rendered":"https:\/\/webshop.nanooksiiskola.hu\/?post_type=product&#038;p=4071"},"modified":"2023-11-28T15:23:33","modified_gmt":"2023-11-28T13:23:33","slug":"kituzo-nanook","status":"publish","type":"product","link":"https:\/\/webshop.nanooksiiskola.hu\/en\/product\/kituzo-nanook\/","title":{"rendered":"Kit\u0171z\u0151 Nanook"},"content":{"rendered":"<p>M\u00e1gneses kit\u0171z\u0151.<\/p>","protected":false},"excerpt":{"rendered":"<p>M\u00e1gneses kit\u0171z\u0151.<\/p>","protected":false},"featured_media":4063,"template":"","meta":[],"product_cat":[61,62],"product_tag":[],"_links":{"self":[{"href":"https:\/\/webshop.nanooksiiskola.hu\/en\/wp-json\/wp\/v2\/product\/4071"}],"collection":[{"href":"https:\/\/webshop.nanooksiiskola.hu\/en\/wp-json\/wp\/v2\/product"}],"about":[{"href":"https:\/\/webshop.nanooksiiskola.hu\/en\/wp-json\/wp\/v2\/types\/product"}],"wp:featuredmedia":[{"embeddable":true,"href":"https:\/\/webshop.nanooksiiskola.hu\/en\/wp-json\/wp\/v2\/media\/4063"}],"wp:attachment":[{"href":"https:\/\/webshop.nanooksiiskola.hu\/en\/wp-json\/wp\/v2\/media?parent=4071"}],"wp:term":[{"taxonomy":"product_cat","embeddable":true,"href":"https:\/\/webshop.nanooksiiskola.hu\/en\/wp-json\/wp\/v2\/product_cat?post=4071"},{"taxonomy":"product_tag","embeddable":true,"href":"https:\/\/webshop.nanooksiiskola.hu\/en\/wp-json\/wp\/v2\/product_tag?post=4071"}],"curies":[{"name":"wp","href":"https:\/\/api.w.org\/{rel}","templated":true}]}}