{"id":4073,"date":"2023-11-28T15:27:22","date_gmt":"2023-11-28T13:27:22","guid":{"rendered":"https:\/\/webshop.nanooksiiskola.hu\/?post_type=product&#038;p=4073"},"modified":"2023-11-28T15:28:33","modified_gmt":"2023-11-28T13:28:33","slug":"hutomagnes-nanook","status":"publish","type":"product","link":"https:\/\/webshop.nanooksiiskola.hu\/en\/product\/hutomagnes-nanook\/","title":{"rendered":"H\u0171t\u0151m\u00e1gnes Nanook"},"content":{"rendered":"<p>Nanook h\u0171t\u0151m\u00e1gnes.<\/p>","protected":false},"excerpt":{"rendered":"<p>Nanook h\u0171t\u0151m\u00e1gnes.<\/p>","protected":false},"featured_media":4063,"template":"","meta":[],"product_cat":[61,62],"product_tag":[],"_links":{"self":[{"href":"https:\/\/webshop.nanooksiiskola.hu\/en\/wp-json\/wp\/v2\/product\/4073"}],"collection":[{"href":"https:\/\/webshop.nanooksiiskola.hu\/en\/wp-json\/wp\/v2\/product"}],"about":[{"href":"https:\/\/webshop.nanooksiiskola.hu\/en\/wp-json\/wp\/v2\/types\/product"}],"wp:featuredmedia":[{"embeddable":true,"href":"https:\/\/webshop.nanooksiiskola.hu\/en\/wp-json\/wp\/v2\/media\/4063"}],"wp:attachment":[{"href":"https:\/\/webshop.nanooksiiskola.hu\/en\/wp-json\/wp\/v2\/media?parent=4073"}],"wp:term":[{"taxonomy":"product_cat","embeddable":true,"href":"https:\/\/webshop.nanooksiiskola.hu\/en\/wp-json\/wp\/v2\/product_cat?post=4073"},{"taxonomy":"product_tag","embeddable":true,"href":"https:\/\/webshop.nanooksiiskola.hu\/en\/wp-json\/wp\/v2\/product_tag?post=4073"}],"curies":[{"name":"wp","href":"https:\/\/api.w.org\/{rel}","templated":true}]}}