{"id":4080,"date":"2024-10-11T10:42:31","date_gmt":"2024-10-11T08:42:31","guid":{"rendered":"https:\/\/webshop.nanooksiiskola.hu\/?post_type=product&#038;p=4080"},"modified":"2024-10-11T10:45:11","modified_gmt":"2024-10-11T08:45:11","slug":"neszeszer-logos","status":"publish","type":"product","link":"https:\/\/webshop.nanooksiiskola.hu\/en\/product\/neszeszer-logos\/","title":{"rendered":"Neszeszer  log\u00f3s"},"content":{"rendered":"<p>Praktikus t\u00e1rol\u00e1s mindenf\u00e9le apr\u00f3s\u00e1ghoz.<\/p>\n<p>Haszn\u00e1lhatod tolltart\u00f3nak, neszeszernek vagy apr\u00f3 kincsek t\u00e1rol\u00e1s\u00e1ra.<\/p>\n<p>K\u00f6nnyen tiszt\u00edthat\u00f3, moshat\u00f3.<\/p>\n<p>&nbsp;<\/p>","protected":false},"excerpt":{"rendered":"<p>Praktikus t\u00e1rol\u00e1s mindenf\u00e9le apr\u00f3s\u00e1ghoz. Haszn\u00e1lhatod tolltart\u00f3nak, neszeszernek vagy apr\u00f3 kincsek t\u00e1rol\u00e1s\u00e1ra. K\u00f6nnyen tiszt\u00edthat\u00f3, moshat\u00f3. &nbsp;<\/p>","protected":false},"featured_media":4082,"template":"","meta":[],"product_cat":[61,63],"product_tag":[],"_links":{"self":[{"href":"https:\/\/webshop.nanooksiiskola.hu\/en\/wp-json\/wp\/v2\/product\/4080"}],"collection":[{"href":"https:\/\/webshop.nanooksiiskola.hu\/en\/wp-json\/wp\/v2\/product"}],"about":[{"href":"https:\/\/webshop.nanooksiiskola.hu\/en\/wp-json\/wp\/v2\/types\/product"}],"wp:featuredmedia":[{"embeddable":true,"href":"https:\/\/webshop.nanooksiiskola.hu\/en\/wp-json\/wp\/v2\/media\/4082"}],"wp:attachment":[{"href":"https:\/\/webshop.nanooksiiskola.hu\/en\/wp-json\/wp\/v2\/media?parent=4080"}],"wp:term":[{"taxonomy":"product_cat","embeddable":true,"href":"https:\/\/webshop.nanooksiiskola.hu\/en\/wp-json\/wp\/v2\/product_cat?post=4080"},{"taxonomy":"product_tag","embeddable":true,"href":"https:\/\/webshop.nanooksiiskola.hu\/en\/wp-json\/wp\/v2\/product_tag?post=4080"}],"curies":[{"name":"wp","href":"https:\/\/api.w.org\/{rel}","templated":true}]}}