{"id":4094,"date":"2025-08-04T09:58:48","date_gmt":"2025-08-04T07:58:48","guid":{"rendered":"https:\/\/webshop.nanooksiiskola.hu\/?post_type=product&#038;p=4094"},"modified":"2025-08-04T13:03:24","modified_gmt":"2025-08-04T11:03:24","slug":"memoria-kartyajatek","status":"publish","type":"product","link":"https:\/\/webshop.nanooksiiskola.hu\/en\/product\/memoria-kartyajatek\/","title":{"rendered":"Mem\u00f3ria k\u00e1rtyaj\u00e1t\u00e9k"},"content":{"rendered":"<p>Ez\u00a0 az egyei s\u00edel\u0151s mem\u00f3ria j\u00e1t\u00e9k nagyon j\u00f3 sz\u00f3rakoz\u00e1st ny\u00fajt a gyerk\u0151c\u00f6knek m\u00e1r eg\u00e9szen kis kort\u00f3l, de az eg\u00e9sz csal\u00e1dnak is remek id\u0151t\u00f6lt\u00e9st biztos\u00edt.<\/p>\n<p>A lapocsk\u00e1kon k\u00fcl\u00f6nb\u00f6z\u0151 s\u00edel\u00e9ssel kapcsolatos k\u00e9peket l\u00e1thatunk, amiket a j\u00e1t\u00e9k sor\u00e1n \u00f6ssze kell p\u00e1ros\u00edtani.<\/p>","protected":false},"excerpt":{"rendered":"<p>A j\u00e1t\u00e9k fejleszti:<\/p>\n<ul>\n<li>a szem- k\u00e9z koordin\u00e1ci\u00f3t<\/li>\n<li>a koncentr\u00e1ci\u00f3t<\/li>\n<li>a sz\u00ednek, mint\u00e1k megismer\u00e9s\u00e9t<\/li>\n<li>mem\u00f3ri\u00e1t<\/li>\n<\/ul>\n<p>A j\u00e1t\u00e9k f\u0151bb adatai:<\/p>\n<ul>\n<li>anyag: pap\u00edr<\/li>\n<li>darabsz\u00e1m: 18<\/li>\n<li>k\u00e9pek m\u00e9ret: 5 x 5 cm<\/li>\n<li>nem: fi\u00faknak, l\u00e1nyoknak egyar\u00e1nt<\/li>\n<li>\u00e9letkor: + 36 h\u00f3nap+<\/li>\n<\/ul>","protected":false},"featured_media":4097,"template":"","meta":[],"product_cat":[60],"product_tag":[],"_links":{"self":[{"href":"https:\/\/webshop.nanooksiiskola.hu\/en\/wp-json\/wp\/v2\/product\/4094"}],"collection":[{"href":"https:\/\/webshop.nanooksiiskola.hu\/en\/wp-json\/wp\/v2\/product"}],"about":[{"href":"https:\/\/webshop.nanooksiiskola.hu\/en\/wp-json\/wp\/v2\/types\/product"}],"wp:featuredmedia":[{"embeddable":true,"href":"https:\/\/webshop.nanooksiiskola.hu\/en\/wp-json\/wp\/v2\/media\/4097"}],"wp:attachment":[{"href":"https:\/\/webshop.nanooksiiskola.hu\/en\/wp-json\/wp\/v2\/media?parent=4094"}],"wp:term":[{"taxonomy":"product_cat","embeddable":true,"href":"https:\/\/webshop.nanooksiiskola.hu\/en\/wp-json\/wp\/v2\/product_cat?post=4094"},{"taxonomy":"product_tag","embeddable":true,"href":"https:\/\/webshop.nanooksiiskola.hu\/en\/wp-json\/wp\/v2\/product_tag?post=4094"}],"curies":[{"name":"wp","href":"https:\/\/api.w.org\/{rel}","templated":true}]}}