{"id":4115,"date":"2025-11-17T11:22:28","date_gmt":"2025-11-17T09:22:28","guid":{"rendered":"https:\/\/webshop.nanooksiiskola.hu\/?post_type=product&#038;p=4115"},"modified":"2026-02-01T19:32:53","modified_gmt":"2026-02-01T17:32:53","slug":"szemuveg-vedo","status":"publish","type":"product","link":"https:\/\/webshop.nanooksiiskola.hu\/en\/product\/szemuveg-vedo\/","title":{"rendered":"S\u00edszem\u00fcveg v\u00e9d\u0151"},"content":{"rendered":"<h3 data-start=\"75\" data-end=\"127\"><strong data-start=\"79\" data-end=\"127\">S\u00edszem\u00fcveg V\u00e9d\u0151 \u2013 Karc\u00e1ll\u00f3 Mikrosz\u00e1las Huzat<\/strong><\/h3>\n<p data-start=\"129\" data-end=\"374\">\u00d3vd s\u00edszem\u00fcvegedet a karcokt\u00f3l \u00e9s szennyez\u0151d\u00e9st\u0151l ezzel a pr\u00e9mium mikrosz\u00e1las s\u00edszem\u00fcveg-v\u00e9d\u0151 huzattal. Rugalmas, k\u00f6nny\u0171 \u00e9s univerz\u00e1lis m\u00e9ret\u0171, \u00edgy a legt\u00f6bb s\u00edszem\u00fcvegre t\u00f6k\u00e9letesen illeszkedik. Ide\u00e1lis s\u00edel\u00e9shez, snowboardoz\u00e1shoz \u00e9s utaz\u00e1shoz.<\/p>\n<p data-start=\"376\" data-end=\"393\"><strong data-start=\"376\" data-end=\"393\">F\u0151bb el\u0151ny\u00f6k:<\/strong><\/p>\n<ul data-start=\"394\" data-end=\"504\">\n<li data-start=\"394\" data-end=\"424\">\n<p data-start=\"396\" data-end=\"424\">Karc\u00e1ll\u00f3 mikrosz\u00e1las anyag<\/p>\n<\/li>\n<li data-start=\"425\" data-end=\"469\">\n<p data-start=\"427\" data-end=\"469\">Gyorsan felhelyezhet\u0151, univerz\u00e1lis m\u00e9ret<\/p>\n<\/li>\n<li data-start=\"470\" data-end=\"504\">\n<p data-start=\"472\" data-end=\"504\">Lencset\u00f6rl\u0151k\u00e9nt is haszn\u00e1lhat\u00f3<\/p>\n<\/li>\n<\/ul>","protected":false},"excerpt":{"rendered":"<h3 data-start=\"75\" data-end=\"127\"><strong data-start=\"79\" data-end=\"127\">S\u00edszem\u00fcveg V\u00e9d\u0151 \u2013 Karc\u00e1ll\u00f3 Mikrosz\u00e1las Huzat<\/strong><\/h3>\n<p data-start=\"129\" data-end=\"374\">\u00d3vd s\u00edszem\u00fcvegedet a karcokt\u00f3l \u00e9s szennyez\u0151d\u00e9st\u0151l ezzel a pr\u00e9mium mikrosz\u00e1las s\u00edszem\u00fcveg-v\u00e9d\u0151 huzattal. Rugalmas, k\u00f6nny\u0171 \u00e9s univerz\u00e1lis m\u00e9ret\u0171, \u00edgy a legt\u00f6bb s\u00edszem\u00fcvegre t\u00f6k\u00e9letesen illeszkedik. Ide\u00e1lis s\u00edel\u00e9shez, snowboardoz\u00e1shoz \u00e9s utaz\u00e1shoz.<\/p>\n<p data-start=\"376\" data-end=\"393\"><strong data-start=\"376\" data-end=\"393\">F\u0151bb el\u0151ny\u00f6k:<\/strong><\/p>\n<ul data-start=\"394\" data-end=\"504\">\n<li data-start=\"394\" data-end=\"424\">\n<p data-start=\"396\" data-end=\"424\">Karc\u00e1ll\u00f3 mikrosz\u00e1las anyag<\/p>\n<\/li>\n<li data-start=\"425\" data-end=\"469\">\n<p data-start=\"427\" data-end=\"469\">Gyorsan felhelyezhet\u0151, univerz\u00e1lis m\u00e9ret<\/p>\n<\/li>\n<li data-start=\"470\" data-end=\"504\">\n<p data-start=\"472\" data-end=\"504\">Lencset\u00f6rl\u0151k\u00e9nt is haszn\u00e1lhat\u00f3<\/p>\n<\/li>\n<\/ul>\n<h3 data-start=\"506\" data-end=\"529\"><strong data-start=\"510\" data-end=\"529\">Mos\u00e1si \u00fatmutat\u00f3<\/strong><\/h3>\n<ul data-start=\"530\" data-end=\"642\">\n<li data-start=\"530\" data-end=\"549\">\n<p data-start=\"532\" data-end=\"549\">30\u00b0C-on moshat\u00f3<\/p>\n<\/li>\n<li data-start=\"550\" data-end=\"588\">\n<p data-start=\"552\" data-end=\"588\">Ne haszn\u00e1lj feh\u00e9r\u00edt\u0151t vagy \u00f6bl\u00edt\u0151t<\/p>\n<\/li>\n<li data-start=\"589\" data-end=\"602\">\n<p data-start=\"591\" data-end=\"602\">Ne vasald<\/p>\n<\/li>\n<li data-start=\"603\" data-end=\"642\">\n<p data-start=\"605\" data-end=\"642\">Sz\u00e1r\u00edt\u00f3g\u00e9p n\u00e9lk\u00fcl, leveg\u0151n sz\u00e1r\u00edtsd<\/p>\n<\/li>\n<\/ul>","protected":false},"featured_media":4121,"template":"","meta":[],"product_cat":[61],"product_tag":[],"_links":{"self":[{"href":"https:\/\/webshop.nanooksiiskola.hu\/en\/wp-json\/wp\/v2\/product\/4115"}],"collection":[{"href":"https:\/\/webshop.nanooksiiskola.hu\/en\/wp-json\/wp\/v2\/product"}],"about":[{"href":"https:\/\/webshop.nanooksiiskola.hu\/en\/wp-json\/wp\/v2\/types\/product"}],"wp:featuredmedia":[{"embeddable":true,"href":"https:\/\/webshop.nanooksiiskola.hu\/en\/wp-json\/wp\/v2\/media\/4121"}],"wp:attachment":[{"href":"https:\/\/webshop.nanooksiiskola.hu\/en\/wp-json\/wp\/v2\/media?parent=4115"}],"wp:term":[{"taxonomy":"product_cat","embeddable":true,"href":"https:\/\/webshop.nanooksiiskola.hu\/en\/wp-json\/wp\/v2\/product_cat?post=4115"},{"taxonomy":"product_tag","embeddable":true,"href":"https:\/\/webshop.nanooksiiskola.hu\/en\/wp-json\/wp\/v2\/product_tag?post=4115"}],"curies":[{"name":"wp","href":"https:\/\/api.w.org\/{rel}","templated":true}]}}