{"id":4126,"date":"2025-11-17T11:58:54","date_gmt":"2025-11-17T09:58:54","guid":{"rendered":"https:\/\/webshop.nanooksiiskola.hu\/?post_type=product&#038;p=4126"},"modified":"2025-11-17T12:32:13","modified_gmt":"2025-11-17T10:32:13","slug":"sibotzsak","status":"publish","type":"product","link":"https:\/\/webshop.nanooksiiskola.hu\/en\/product\/sibotzsak\/","title":{"rendered":"S\u00edbotzs\u00e1k"},"content":{"rendered":"<h3 data-start=\"94\" data-end=\"143\"><strong data-start=\"98\" data-end=\"143\">S\u00edbot Zs\u00e1k \u2013 Tart\u00f3s, V\u00edzleperget\u0151 V\u00e9d\u0151tok<\/strong><\/h3>\n<p data-start=\"145\" data-end=\"412\">V\u00e9dd \u00e9s sz\u00e1ll\u00edtsd biztons\u00e1gosan s\u00edbotjaidat ezzel a strapab\u00edr\u00f3, v\u00edzleperget\u0151 s\u00edbot zs\u00e1kkal. K\u00f6nny\u0171, er\u0151s anyagb\u00f3l k\u00e9sz\u00fclt, cipz\u00e1ras kialak\u00edt\u00e1ssal \u00e9s k\u00e9nyelmes v\u00e1llp\u00e1nttal, \u00edgy ide\u00e1lis utaz\u00e1shoz \u00e9s s\u00edel\u00e9shez egyar\u00e1nt. Univerz\u00e1lis m\u00e9rete a legt\u00f6bb s\u00edbothoz illeszkedik.<\/p>\n<p data-start=\"414\" data-end=\"431\"><strong data-start=\"414\" data-end=\"431\">F\u0151bb el\u0151ny\u00f6k:<\/strong><\/p>\n<ul data-start=\"432\" data-end=\"574\">\n<li data-start=\"432\" data-end=\"466\">\n<p data-start=\"434\" data-end=\"466\">Strapab\u00edr\u00f3, v\u00edzleperget\u0151 anyag<\/p>\n<\/li>\n<li data-start=\"467\" data-end=\"510\">\n<p data-start=\"469\" data-end=\"510\">T\u00e9p\u0151z\u00e1ras z\u00e1r\u00e1s a biztons\u00e1gos t\u00e1rol\u00e1shoz<\/p>\n<\/li>\n<li data-start=\"511\" data-end=\"533\">\n<p data-start=\"513\" data-end=\"533\">K\u00e9nyelmes v\u00e1llp\u00e1nt<\/p>\n<\/li>\n<li data-start=\"534\" data-end=\"574\">\n<p data-start=\"536\" data-end=\"574\">Univerz\u00e1lis m\u00e9ret a legt\u00f6bb s\u00edbothoz<\/p>\n<\/li>\n<\/ul>","protected":false},"excerpt":{"rendered":"<h3 data-start=\"94\" data-end=\"143\"><strong data-start=\"98\" data-end=\"143\">S\u00edbot Zs\u00e1k \u2013 Tart\u00f3s, V\u00edzleperget\u0151 V\u00e9d\u0151tok<\/strong><\/h3>\n<p data-start=\"145\" data-end=\"412\">V\u00e9dd \u00e9s sz\u00e1ll\u00edtsd biztons\u00e1gosan s\u00edbotjaidat ezzel a strapab\u00edr\u00f3, v\u00edzleperget\u0151 s\u00edbot zs\u00e1kkal. K\u00f6nny\u0171, er\u0151s anyagb\u00f3l k\u00e9sz\u00fclt, cipz\u00e1ras kialak\u00edt\u00e1ssal \u00e9s k\u00e9nyelmes v\u00e1llp\u00e1nttal, \u00edgy ide\u00e1lis utaz\u00e1shoz \u00e9s s\u00edel\u00e9shez egyar\u00e1nt. Univerz\u00e1lis m\u00e9rete a legt\u00f6bb s\u00edbothoz illeszkedik.<\/p>\n<p data-start=\"414\" data-end=\"431\"><strong data-start=\"414\" data-end=\"431\">F\u0151bb el\u0151ny\u00f6k:<\/strong><\/p>\n<ul data-start=\"432\" data-end=\"574\">\n<li data-start=\"432\" data-end=\"466\">\n<p data-start=\"434\" data-end=\"466\">Strapab\u00edr\u00f3, v\u00edzleperget\u0151 anyag<\/p>\n<\/li>\n<li data-start=\"467\" data-end=\"510\">\n<p data-start=\"469\" data-end=\"510\">T\u00e9p\u0151z\u00e1r a biztons\u00e1gos t\u00e1rol\u00e1shoz<\/p>\n<\/li>\n<li data-start=\"511\" data-end=\"533\">\n<p data-start=\"513\" data-end=\"533\">K\u00e9nyelmes v\u00e1llp\u00e1nt<\/p>\n<\/li>\n<li data-start=\"534\" data-end=\"574\">\n<p data-start=\"536\" data-end=\"574\">Univerz\u00e1lis m\u00e9ret a legt\u00f6bb s\u00edbothoz<\/p>\n<\/li>\n<\/ul>\n<hr data-start=\"576\" data-end=\"579\" \/>\n<h3 data-start=\"581\" data-end=\"618\"><strong data-start=\"585\" data-end=\"618\">Mos\u00e1si \u00e9s tiszt\u00edt\u00e1si \u00fatmutat\u00f3<\/strong><\/h3>\n<ul data-start=\"619\" data-end=\"790\">\n<li data-start=\"619\" data-end=\"673\">\n<p data-start=\"621\" data-end=\"673\">K\u00e9zi tiszt\u00edt\u00e1s langyos v\u00edzzel \u00e9s enyhe mos\u00f3szerrel<\/p>\n<\/li>\n<li data-start=\"674\" data-end=\"692\">\n<p data-start=\"676\" data-end=\"692\">Ne mosd g\u00e9pben<\/p>\n<\/li>\n<li data-start=\"693\" data-end=\"718\">\n<p data-start=\"695\" data-end=\"718\">Ne haszn\u00e1lj feh\u00e9r\u00edt\u0151t<\/p>\n<\/li>\n<li data-start=\"719\" data-end=\"743\">\n<p data-start=\"721\" data-end=\"743\">Ne tedd sz\u00e1r\u00edt\u00f3g\u00e9pbe<\/p>\n<\/li>\n<li data-start=\"744\" data-end=\"790\">\n<p data-start=\"746\" data-end=\"790\">Sz\u00e1r\u00edtsd szobah\u0151m\u00e9rs\u00e9kleten, felf\u00fcggesztve<\/p>\n<\/li>\n<\/ul>","protected":false},"featured_media":4127,"template":"","meta":[],"product_cat":[32,61,63],"product_tag":[],"_links":{"self":[{"href":"https:\/\/webshop.nanooksiiskola.hu\/en\/wp-json\/wp\/v2\/product\/4126"}],"collection":[{"href":"https:\/\/webshop.nanooksiiskola.hu\/en\/wp-json\/wp\/v2\/product"}],"about":[{"href":"https:\/\/webshop.nanooksiiskola.hu\/en\/wp-json\/wp\/v2\/types\/product"}],"wp:featuredmedia":[{"embeddable":true,"href":"https:\/\/webshop.nanooksiiskola.hu\/en\/wp-json\/wp\/v2\/media\/4127"}],"wp:attachment":[{"href":"https:\/\/webshop.nanooksiiskola.hu\/en\/wp-json\/wp\/v2\/media?parent=4126"}],"wp:term":[{"taxonomy":"product_cat","embeddable":true,"href":"https:\/\/webshop.nanooksiiskola.hu\/en\/wp-json\/wp\/v2\/product_cat?post=4126"},{"taxonomy":"product_tag","embeddable":true,"href":"https:\/\/webshop.nanooksiiskola.hu\/en\/wp-json\/wp\/v2\/product_tag?post=4126"}],"curies":[{"name":"wp","href":"https:\/\/api.w.org\/{rel}","templated":true}]}}